{"id":2,"date":"2022-10-16T14:54:22","date_gmt":"2022-10-16T14:54:22","guid":{"rendered":"http:\/\/angelalena.com\/?page_id=2"},"modified":"2025-10-20T11:13:11","modified_gmt":"2025-10-20T11:13:11","slug":"sample-page","status":"publish","type":"page","link":"https:\/\/angelalena.com\/index.php\/sample-page\/","title":{"rendered":"BIO"},"content":{"rendered":"<div class=\"wp-block-image is-style-default\">\n<figure class=\"aligncenter size-large is-resized\"><img loading=\"lazy\" decoding=\"async\" width=\"684\" height=\"1024\" src=\"http:\/\/angelalena.com\/wp-content\/uploads\/2024\/01\/DSC_5713-684x1024.jpg\" alt=\"\" class=\"wp-image-756\" style=\"width:418px;height:auto\" srcset=\"https:\/\/angelalena.com\/wp-content\/uploads\/2024\/01\/DSC_5713-684x1024.jpg 684w, https:\/\/angelalena.com\/wp-content\/uploads\/2024\/01\/DSC_5713-200x300.jpg 200w, https:\/\/angelalena.com\/wp-content\/uploads\/2024\/01\/DSC_5713-768x1150.jpg 768w, https:\/\/angelalena.com\/wp-content\/uploads\/2024\/01\/DSC_5713-1025x1536.jpg 1025w, https:\/\/angelalena.com\/wp-content\/uploads\/2024\/01\/DSC_5713-1367x2048.jpg 1367w, https:\/\/angelalena.com\/wp-content\/uploads\/2024\/01\/DSC_5713-scaled.jpg 1709w\" sizes=\"auto, (max-width: 684px) 100vw, 684px\" \/><\/figure><\/div>\n\n\n<p class=\"has-text-align-center\">\u00c1ngela Gabriela Le\u00f1a Garc\u00eda nace el 10 de mayo de 1990 en Caracas, Venezuela, en el seno de una familia con vena art\u00edstica: su abuelo materno, por ejemplo, fue director, guionista, m\u00fasico, escultor y caricaturista, y su madre hered\u00f3 sus talentos musicales. Sus inquietudes por interpretar, por tanto, le vienen desde muy peque\u00f1a.<\/p>\n\n\n\n<p class=\"has-text-align-center\">   Con 10 a\u00f1os debuta en el mundo audiovisual en la telenovela \u201cTrapos \u00cdntimos\u201d, en el papel de Marisol, producida por Radio Caracas Televisi\u00f3n. Luego, con solo 11 a\u00f1os, asiste al taller de interpretaci\u00f3n y expresi\u00f3n corporal impartido por la conocida compa\u00f1\u00eda venezolana de teatro Rajatabla y pisa las tablas por primera vez, interpretando el mon\u00f3logo \u201cEl Corro de las Hadas\u201d, dirigido por Mayte Duro.<\/p>\n\n\n\n<p class=\"has-text-align-center\">Con 12 a\u00f1os, se traslada a Espa\u00f1a donde contin\u00faa desarrollando su vocaci\u00f3n. Con 15 a\u00f1os, realiza su primer papel en un musical, \u201cTeatro olvido\u201d, dirigido por Roberto Di Parma.<\/p>\n\n\n\n<p class=\"has-text-align-center\">Tras terminar el bachillerato, cursa dos a\u00f1os de estudios superiores de Dise\u00f1o Gr\u00e1fico en la Escuela Superior de Arte y Dise\u00f1o de Orihuela y luego se traslada a la ESAD de Murcia, donde finalmente se titula como actriz en la especialidad de interpretaci\u00f3n textual.<\/p>\n\n\n\n<p class=\"has-text-align-center\">Desde entonces, ha continuado form\u00e1ndose con diferentes cursos de interpretaci\u00f3n ante la c\u00e1mara y de entrenamiento actoral, y trabaja en diferentes proyectos de actuaci\u00f3n y modelaje.<\/p>\n\n\n\n<p><\/p>\n\n\n\n<div class=\"wp-block-group\"><div class=\"wp-block-group__inner-container is-layout-constrained wp-block-group-is-layout-constrained\">\n<figure class=\"wp-block-gallery has-nested-images columns-default is-cropped wp-block-gallery-1 is-layout-flex wp-block-gallery-is-layout-flex\">\n<figure class=\"wp-block-image size-full\"><img loading=\"lazy\" decoding=\"async\" width=\"750\" height=\"1000\" data-id=\"1151\" src=\"https:\/\/angelalena.com\/wp-content\/uploads\/2025\/10\/Angela-Lena-plano-medio-.jpg\" alt=\"\" class=\"wp-image-1151\" srcset=\"https:\/\/angelalena.com\/wp-content\/uploads\/2025\/10\/Angela-Lena-plano-medio-.jpg 750w, https:\/\/angelalena.com\/wp-content\/uploads\/2025\/10\/Angela-Lena-plano-medio--225x300.jpg 225w, https:\/\/angelalena.com\/wp-content\/uploads\/2025\/10\/Angela-Lena-plano-medio--640x853.jpg 640w\" sizes=\"auto, (max-width: 750px) 100vw, 750px\" \/><\/figure>\n\n\n\n<figure class=\"wp-block-image size-large\"><img loading=\"lazy\" decoding=\"async\" width=\"684\" height=\"1024\" data-id=\"746\" src=\"http:\/\/angelalena.com\/wp-content\/uploads\/2024\/01\/DSC_5890-684x1024.jpg\" alt=\"\" class=\"wp-image-746\" srcset=\"https:\/\/angelalena.com\/wp-content\/uploads\/2024\/01\/DSC_5890-684x1024.jpg 684w, https:\/\/angelalena.com\/wp-content\/uploads\/2024\/01\/DSC_5890-200x300.jpg 200w, https:\/\/angelalena.com\/wp-content\/uploads\/2024\/01\/DSC_5890-768x1150.jpg 768w, https:\/\/angelalena.com\/wp-content\/uploads\/2024\/01\/DSC_5890-1025x1536.jpg 1025w, https:\/\/angelalena.com\/wp-content\/uploads\/2024\/01\/DSC_5890-1367x2048.jpg 1367w, https:\/\/angelalena.com\/wp-content\/uploads\/2024\/01\/DSC_5890-scaled.jpg 1709w\" sizes=\"auto, (max-width: 684px) 100vw, 684px\" \/><\/figure>\n\n\n\n<figure class=\"wp-block-image size-full\"><img loading=\"lazy\" decoding=\"async\" width=\"750\" height=\"1000\" data-id=\"1149\" src=\"https:\/\/angelalena.com\/wp-content\/uploads\/2025\/10\/Angela-Lena-plano-americano.jpg\" alt=\"\" class=\"wp-image-1149\" srcset=\"https:\/\/angelalena.com\/wp-content\/uploads\/2025\/10\/Angela-Lena-plano-americano.jpg 750w, https:\/\/angelalena.com\/wp-content\/uploads\/2025\/10\/Angela-Lena-plano-americano-225x300.jpg 225w, https:\/\/angelalena.com\/wp-content\/uploads\/2025\/10\/Angela-Lena-plano-americano-640x853.jpg 640w\" sizes=\"auto, (max-width: 750px) 100vw, 750px\" \/><\/figure>\n\n\n\n<figure class=\"wp-block-image size-large\"><img loading=\"lazy\" decoding=\"async\" width=\"684\" height=\"1024\" data-id=\"744\" src=\"http:\/\/angelalena.com\/wp-content\/uploads\/2024\/01\/DSC_5900-684x1024.jpg\" alt=\"\" class=\"wp-image-744\" srcset=\"https:\/\/angelalena.com\/wp-content\/uploads\/2024\/01\/DSC_5900-684x1024.jpg 684w, https:\/\/angelalena.com\/wp-content\/uploads\/2024\/01\/DSC_5900-200x300.jpg 200w, https:\/\/angelalena.com\/wp-content\/uploads\/2024\/01\/DSC_5900-768x1150.jpg 768w, https:\/\/angelalena.com\/wp-content\/uploads\/2024\/01\/DSC_5900-1025x1536.jpg 1025w, https:\/\/angelalena.com\/wp-content\/uploads\/2024\/01\/DSC_5900-1367x2048.jpg 1367w, https:\/\/angelalena.com\/wp-content\/uploads\/2024\/01\/DSC_5900-scaled.jpg 1709w\" sizes=\"auto, (max-width: 684px) 100vw, 684px\" \/><\/figure>\n\n\n\n<figure class=\"wp-block-image size-large\"><img loading=\"lazy\" decoding=\"async\" width=\"684\" height=\"1024\" data-id=\"745\" src=\"http:\/\/angelalena.com\/wp-content\/uploads\/2024\/01\/DSC_6219-684x1024.jpg\" alt=\"\" class=\"wp-image-745\" srcset=\"https:\/\/angelalena.com\/wp-content\/uploads\/2024\/01\/DSC_6219-684x1024.jpg 684w, https:\/\/angelalena.com\/wp-content\/uploads\/2024\/01\/DSC_6219-200x300.jpg 200w, https:\/\/angelalena.com\/wp-content\/uploads\/2024\/01\/DSC_6219-768x1150.jpg 768w, https:\/\/angelalena.com\/wp-content\/uploads\/2024\/01\/DSC_6219-1025x1536.jpg 1025w, https:\/\/angelalena.com\/wp-content\/uploads\/2024\/01\/DSC_6219-1367x2048.jpg 1367w, https:\/\/angelalena.com\/wp-content\/uploads\/2024\/01\/DSC_6219-scaled.jpg 1709w\" sizes=\"auto, (max-width: 684px) 100vw, 684px\" \/><\/figure>\n\n\n\n<figure class=\"wp-block-image size-large\"><img loading=\"lazy\" decoding=\"async\" width=\"684\" height=\"1024\" data-id=\"743\" src=\"http:\/\/angelalena.com\/wp-content\/uploads\/2024\/01\/DSC_5675-684x1024.jpg\" alt=\"\" class=\"wp-image-743\" srcset=\"https:\/\/angelalena.com\/wp-content\/uploads\/2024\/01\/DSC_5675-684x1024.jpg 684w, https:\/\/angelalena.com\/wp-content\/uploads\/2024\/01\/DSC_5675-200x300.jpg 200w, https:\/\/angelalena.com\/wp-content\/uploads\/2024\/01\/DSC_5675-768x1150.jpg 768w, https:\/\/angelalena.com\/wp-content\/uploads\/2024\/01\/DSC_5675-1025x1536.jpg 1025w, https:\/\/angelalena.com\/wp-content\/uploads\/2024\/01\/DSC_5675-1367x2048.jpg 1367w, https:\/\/angelalena.com\/wp-content\/uploads\/2024\/01\/DSC_5675-scaled.jpg 1709w\" sizes=\"auto, (max-width: 684px) 100vw, 684px\" \/><\/figure>\n\n\n\n<figure class=\"wp-block-image size-large\"><img decoding=\"async\" data-id=\"742\" src=\"http:\/\/angelalena.com\/wp-content\/uploads\/2024\/01\/SAVE_20240105_114730-1.jpg\" alt=\"\" class=\"wp-image-742\"\/><\/figure>\n\n\n\n<figure class=\"wp-block-image size-large\"><img loading=\"lazy\" decoding=\"async\" width=\"684\" height=\"1024\" data-id=\"737\" src=\"http:\/\/angelalena.com\/wp-content\/uploads\/2024\/01\/DSC_5813-684x1024.jpg\" alt=\"\" class=\"wp-image-737\" srcset=\"https:\/\/angelalena.com\/wp-content\/uploads\/2024\/01\/DSC_5813-684x1024.jpg 684w, https:\/\/angelalena.com\/wp-content\/uploads\/2024\/01\/DSC_5813-200x300.jpg 200w, https:\/\/angelalena.com\/wp-content\/uploads\/2024\/01\/DSC_5813-768x1150.jpg 768w, https:\/\/angelalena.com\/wp-content\/uploads\/2024\/01\/DSC_5813-1025x1536.jpg 1025w, https:\/\/angelalena.com\/wp-content\/uploads\/2024\/01\/DSC_5813-1367x2048.jpg 1367w, https:\/\/angelalena.com\/wp-content\/uploads\/2024\/01\/DSC_5813-scaled.jpg 1709w\" sizes=\"auto, (max-width: 684px) 100vw, 684px\" \/><\/figure>\n\n\n\n<figure class=\"wp-block-image size-large\"><img loading=\"lazy\" decoding=\"async\" width=\"684\" height=\"1024\" data-id=\"738\" src=\"http:\/\/angelalena.com\/wp-content\/uploads\/2024\/01\/angela-plano-americano-684x1024.jpg\" alt=\"\" class=\"wp-image-738\" srcset=\"https:\/\/angelalena.com\/wp-content\/uploads\/2024\/01\/angela-plano-americano-684x1024.jpg 684w, https:\/\/angelalena.com\/wp-content\/uploads\/2024\/01\/angela-plano-americano-200x300.jpg 200w, https:\/\/angelalena.com\/wp-content\/uploads\/2024\/01\/angela-plano-americano-768x1150.jpg 768w, https:\/\/angelalena.com\/wp-content\/uploads\/2024\/01\/angela-plano-americano-1025x1536.jpg 1025w, https:\/\/angelalena.com\/wp-content\/uploads\/2024\/01\/angela-plano-americano-1367x2048.jpg 1367w, https:\/\/angelalena.com\/wp-content\/uploads\/2024\/01\/angela-plano-americano-scaled.jpg 1709w\" sizes=\"auto, (max-width: 684px) 100vw, 684px\" \/><\/figure>\n\n\n\n<figure class=\"wp-block-image size-large\"><img loading=\"lazy\" decoding=\"async\" width=\"1024\" height=\"1000\" data-id=\"694\" src=\"http:\/\/angelalena.com\/wp-content\/uploads\/2023\/09\/cropped-A.L-scaled-1-1024x1000.jpg\" alt=\"\" class=\"wp-image-694\" srcset=\"https:\/\/angelalena.com\/wp-content\/uploads\/2023\/09\/cropped-A.L-scaled-1-1024x1000.jpg 1024w, https:\/\/angelalena.com\/wp-content\/uploads\/2023\/09\/cropped-A.L-scaled-1-300x293.jpg 300w, https:\/\/angelalena.com\/wp-content\/uploads\/2023\/09\/cropped-A.L-scaled-1-768x750.jpg 768w, https:\/\/angelalena.com\/wp-content\/uploads\/2023\/09\/cropped-A.L-scaled-1-1536x1500.jpg 1536w, https:\/\/angelalena.com\/wp-content\/uploads\/2023\/09\/cropped-A.L-scaled-1-50x50.jpg 50w, https:\/\/angelalena.com\/wp-content\/uploads\/2023\/09\/cropped-A.L-scaled-1.jpg 1749w\" sizes=\"auto, (max-width: 1024px) 100vw, 1024px\" \/><\/figure>\n\n\n\n<figure class=\"wp-block-image size-large\"><img loading=\"lazy\" decoding=\"async\" width=\"684\" height=\"1024\" data-id=\"670\" src=\"http:\/\/angelalena.com\/wp-content\/uploads\/2023\/09\/DSC_7494.jpg\" alt=\"\" class=\"wp-image-670\" srcset=\"https:\/\/angelalena.com\/wp-content\/uploads\/2023\/09\/DSC_7494.jpg 684w, https:\/\/angelalena.com\/wp-content\/uploads\/2023\/09\/DSC_7494-200x300.jpg 200w\" sizes=\"auto, (max-width: 684px) 100vw, 684px\" \/><\/figure>\n\n\n\n<figure class=\"wp-block-image size-large\"><img loading=\"lazy\" decoding=\"async\" width=\"534\" height=\"800\" data-id=\"669\" src=\"http:\/\/angelalena.com\/wp-content\/uploads\/2023\/09\/DSC_7582.jpg\" alt=\"\" class=\"wp-image-669\" srcset=\"https:\/\/angelalena.com\/wp-content\/uploads\/2023\/09\/DSC_7582.jpg 534w, https:\/\/angelalena.com\/wp-content\/uploads\/2023\/09\/DSC_7582-200x300.jpg 200w\" sizes=\"auto, (max-width: 534px) 100vw, 534px\" \/><\/figure>\n\n\n\n<figure class=\"wp-block-image size-large\"><img loading=\"lazy\" decoding=\"async\" width=\"534\" height=\"800\" data-id=\"666\" src=\"http:\/\/angelalena.com\/wp-content\/uploads\/2023\/09\/DSC_7526.jpg\" alt=\"\" class=\"wp-image-666\" srcset=\"https:\/\/angelalena.com\/wp-content\/uploads\/2023\/09\/DSC_7526.jpg 534w, https:\/\/angelalena.com\/wp-content\/uploads\/2023\/09\/DSC_7526-200x300.jpg 200w\" sizes=\"auto, (max-width: 534px) 100vw, 534px\" \/><\/figure>\n\n\n\n<figure class=\"wp-block-image size-large\"><img loading=\"lazy\" decoding=\"async\" width=\"534\" height=\"800\" data-id=\"667\" src=\"http:\/\/angelalena.com\/wp-content\/uploads\/2023\/09\/DSC_7740.jpg\" alt=\"\" class=\"wp-image-667\" srcset=\"https:\/\/angelalena.com\/wp-content\/uploads\/2023\/09\/DSC_7740.jpg 534w, https:\/\/angelalena.com\/wp-content\/uploads\/2023\/09\/DSC_7740-200x300.jpg 200w\" sizes=\"auto, (max-width: 534px) 100vw, 534px\" \/><\/figure>\n\n\n\n<figure class=\"wp-block-image size-large\"><img loading=\"lazy\" decoding=\"async\" width=\"684\" height=\"1024\" data-id=\"663\" src=\"http:\/\/angelalena.com\/wp-content\/uploads\/2023\/09\/Angela-L.-primer-plano.jpg\" alt=\"\" class=\"wp-image-663\" srcset=\"https:\/\/angelalena.com\/wp-content\/uploads\/2023\/09\/Angela-L.-primer-plano.jpg 684w, https:\/\/angelalena.com\/wp-content\/uploads\/2023\/09\/Angela-L.-primer-plano-200x300.jpg 200w\" sizes=\"auto, (max-width: 684px) 100vw, 684px\" \/><\/figure>\n\n\n\n<figure class=\"wp-block-image size-full\"><img loading=\"lazy\" decoding=\"async\" width=\"750\" height=\"1000\" data-id=\"1153\" src=\"https:\/\/angelalena.com\/wp-content\/uploads\/2025\/10\/Mario-Murcia-215.jpg\" alt=\"\" class=\"wp-image-1153\" srcset=\"https:\/\/angelalena.com\/wp-content\/uploads\/2025\/10\/Mario-Murcia-215.jpg 750w, https:\/\/angelalena.com\/wp-content\/uploads\/2025\/10\/Mario-Murcia-215-225x300.jpg 225w, https:\/\/angelalena.com\/wp-content\/uploads\/2025\/10\/Mario-Murcia-215-640x853.jpg 640w\" sizes=\"auto, (max-width: 750px) 100vw, 750px\" \/><\/figure>\n<\/figure>\n<\/div><\/div>\n","protected":false},"excerpt":{"rendered":"<p>\u00c1ngela Gabriela Le\u00f1a Garc\u00eda nace el 10 de mayo de 1990 en Caracas, Venezuela, en el seno de una familia con vena art\u00edstica: su abuelo materno, por ejemplo, fue director,<\/p>\n<p class=\"more-link\"><a href=\"https:\/\/angelalena.com\/index.php\/sample-page\/\" class=\"readmore\">Seguir leyendo&#8230;<span class=\"screen-reader-text\">BIO<\/span><\/a><\/p>\n","protected":false},"author":1,"featured_media":0,"parent":0,"menu_order":0,"comment_status":"closed","ping_status":"open","template":"","meta":{"footnotes":""},"class_list":["post-2","page","type-page","status-publish","hentry"],"_links":{"self":[{"href":"https:\/\/angelalena.com\/index.php\/wp-json\/wp\/v2\/pages\/2","targetHints":{"allow":["GET"]}}],"collection":[{"href":"https:\/\/angelalena.com\/index.php\/wp-json\/wp\/v2\/pages"}],"about":[{"href":"https:\/\/angelalena.com\/index.php\/wp-json\/wp\/v2\/types\/page"}],"author":[{"embeddable":true,"href":"https:\/\/angelalena.com\/index.php\/wp-json\/wp\/v2\/users\/1"}],"replies":[{"embeddable":true,"href":"https:\/\/angelalena.com\/index.php\/wp-json\/wp\/v2\/comments?post=2"}],"version-history":[{"count":9,"href":"https:\/\/angelalena.com\/index.php\/wp-json\/wp\/v2\/pages\/2\/revisions"}],"predecessor-version":[{"id":1155,"href":"https:\/\/angelalena.com\/index.php\/wp-json\/wp\/v2\/pages\/2\/revisions\/1155"}],"wp:attachment":[{"href":"https:\/\/angelalena.com\/index.php\/wp-json\/wp\/v2\/media?parent=2"}],"curies":[{"name":"wp","href":"https:\/\/api.w.org\/{rel}","templated":true}]}}