{"id":91,"date":"2022-10-30T19:48:08","date_gmt":"2022-10-30T19:48:08","guid":{"rendered":"http:\/\/angelalena.com\/?page_id=91"},"modified":"2024-01-29T13:11:19","modified_gmt":"2024-01-29T13:11:19","slug":"trabajos-fotograficos","status":"publish","type":"page","link":"https:\/\/angelalena.com\/index.php\/trabajos-fotograficos\/","title":{"rendered":"Trabajos Fotogr\u00e1ficos"},"content":{"rendered":"\n<h1 class=\"wp-block-heading\">Cat\u00e1logos de moda <\/h1>\n\n\n\n<h2 class=\"wp-block-heading has-text-align-center\">Cat\u00e1logo: nueva colecci\u00f3n para marca de ropa <em>Tr\u00edpode<\/em> 2019<\/h2>\n\n\n\n<p><a href=\"https:\/\/mariomontesmodas.com\/tienda\/mujer\/tripode\/\">https:\/\/mariomontesmodas.com\/tienda\/mujer\/tripode\/<\/a><\/p>\n\n\n\n<figure class=\"wp-block-gallery has-nested-images columns-default is-cropped wp-block-gallery-1 is-layout-flex wp-block-gallery-is-layout-flex\">\n<figure class=\"wp-block-image size-large\"><img loading=\"lazy\" decoding=\"async\" width=\"1024\" height=\"1024\" data-id=\"400\" src=\"http:\/\/angelalena.com\/wp-content\/uploads\/2022\/11\/IMG_20200220_152943_687-1-1024x1024.jpg\" alt=\"\" class=\"wp-image-400\" srcset=\"https:\/\/angelalena.com\/wp-content\/uploads\/2022\/11\/IMG_20200220_152943_687-1-1024x1024.jpg 1024w, https:\/\/angelalena.com\/wp-content\/uploads\/2022\/11\/IMG_20200220_152943_687-1-300x300.jpg 300w, https:\/\/angelalena.com\/wp-content\/uploads\/2022\/11\/IMG_20200220_152943_687-1-150x150.jpg 150w, https:\/\/angelalena.com\/wp-content\/uploads\/2022\/11\/IMG_20200220_152943_687-1-768x768.jpg 768w, https:\/\/angelalena.com\/wp-content\/uploads\/2022\/11\/IMG_20200220_152943_687-1-1536x1536.jpg 1536w, https:\/\/angelalena.com\/wp-content\/uploads\/2022\/11\/IMG_20200220_152943_687-1.jpg 2048w, https:\/\/angelalena.com\/wp-content\/uploads\/2022\/11\/IMG_20200220_152943_687-1-720x720.jpg 720w, https:\/\/angelalena.com\/wp-content\/uploads\/2022\/11\/IMG_20200220_152943_687-1-820x820.jpg 820w\" sizes=\"auto, (max-width: 1024px) 100vw, 1024px\" \/><\/figure>\n\n\n\n<figure class=\"wp-block-image size-large\"><img loading=\"lazy\" decoding=\"async\" width=\"716\" height=\"916\" data-id=\"402\" src=\"http:\/\/angelalena.com\/wp-content\/uploads\/2022\/11\/mod-5630-e1569446048275.jpg\" alt=\"\" class=\"wp-image-402\" srcset=\"https:\/\/angelalena.com\/wp-content\/uploads\/2022\/11\/mod-5630-e1569446048275.jpg 716w, https:\/\/angelalena.com\/wp-content\/uploads\/2022\/11\/mod-5630-e1569446048275-234x300.jpg 234w\" sizes=\"auto, (max-width: 716px) 100vw, 716px\" \/><\/figure>\n\n\n\n<figure class=\"wp-block-image size-large\"><img loading=\"lazy\" decoding=\"async\" width=\"754\" height=\"900\" data-id=\"401\" src=\"http:\/\/angelalena.com\/wp-content\/uploads\/2022\/11\/mod-5624-e1569446625563.jpg\" alt=\"\" class=\"wp-image-401\" srcset=\"https:\/\/angelalena.com\/wp-content\/uploads\/2022\/11\/mod-5624-e1569446625563.jpg 754w, https:\/\/angelalena.com\/wp-content\/uploads\/2022\/11\/mod-5624-e1569446625563-251x300.jpg 251w, https:\/\/angelalena.com\/wp-content\/uploads\/2022\/11\/mod-5624-e1569446625563-720x859.jpg 720w\" sizes=\"auto, (max-width: 754px) 100vw, 754px\" \/><\/figure>\n<\/figure>\n\n\n\n<p><\/p>\n\n\n\n<p><\/p>\n\n\n\n<p><\/p>\n\n\n\n<h2 class=\"wp-block-heading has-text-align-center\">Cat\u00e1logo nueva colecci\u00f3n <em>Dhedishop<\/em><\/h2>\n\n\n\n<figure class=\"wp-block-gallery has-nested-images columns-default is-cropped wp-block-gallery-2 is-layout-flex wp-block-gallery-is-layout-flex\">\n<figure class=\"wp-block-image size-large\"><img loading=\"lazy\" decoding=\"async\" width=\"1024\" height=\"684\" data-id=\"260\" src=\"http:\/\/angelalena.com\/wp-content\/uploads\/2022\/11\/IMG_20190703_015921_892-1024x684.jpg\" alt=\"\" class=\"wp-image-260\" srcset=\"https:\/\/angelalena.com\/wp-content\/uploads\/2022\/11\/IMG_20190703_015921_892-1024x684.jpg 1024w, https:\/\/angelalena.com\/wp-content\/uploads\/2022\/11\/IMG_20190703_015921_892-300x200.jpg 300w, https:\/\/angelalena.com\/wp-content\/uploads\/2022\/11\/IMG_20190703_015921_892-768x513.jpg 768w, https:\/\/angelalena.com\/wp-content\/uploads\/2022\/11\/IMG_20190703_015921_892-1536x1025.jpg 1536w, https:\/\/angelalena.com\/wp-content\/uploads\/2022\/11\/IMG_20190703_015921_892-2048x1367.jpg 2048w, https:\/\/angelalena.com\/wp-content\/uploads\/2022\/11\/IMG_20190703_015921_892-720x481.jpg 720w, https:\/\/angelalena.com\/wp-content\/uploads\/2022\/11\/IMG_20190703_015921_892-820x547.jpg 820w\" sizes=\"auto, (max-width: 1024px) 100vw, 1024px\" \/><\/figure>\n\n\n\n<figure class=\"wp-block-image size-large\"><img loading=\"lazy\" decoding=\"async\" width=\"1024\" height=\"1024\" data-id=\"259\" src=\"http:\/\/angelalena.com\/wp-content\/uploads\/2022\/11\/IMG_20190702_074250_146-1024x1024.jpg\" alt=\"\" class=\"wp-image-259\" srcset=\"https:\/\/angelalena.com\/wp-content\/uploads\/2022\/11\/IMG_20190702_074250_146-1024x1024.jpg 1024w, https:\/\/angelalena.com\/wp-content\/uploads\/2022\/11\/IMG_20190702_074250_146-300x300.jpg 300w, https:\/\/angelalena.com\/wp-content\/uploads\/2022\/11\/IMG_20190702_074250_146-150x150.jpg 150w, https:\/\/angelalena.com\/wp-content\/uploads\/2022\/11\/IMG_20190702_074250_146-768x768.jpg 768w, https:\/\/angelalena.com\/wp-content\/uploads\/2022\/11\/IMG_20190702_074250_146-1536x1536.jpg 1536w, https:\/\/angelalena.com\/wp-content\/uploads\/2022\/11\/IMG_20190702_074250_146-2048x2048.jpg 2048w, https:\/\/angelalena.com\/wp-content\/uploads\/2022\/11\/IMG_20190702_074250_146-720x720.jpg 720w, https:\/\/angelalena.com\/wp-content\/uploads\/2022\/11\/IMG_20190702_074250_146-820x820.jpg 820w\" sizes=\"auto, (max-width: 1024px) 100vw, 1024px\" \/><\/figure>\n\n\n\n<figure class=\"wp-block-image size-large\"><img loading=\"lazy\" decoding=\"async\" width=\"1024\" height=\"1024\" data-id=\"258\" src=\"http:\/\/angelalena.com\/wp-content\/uploads\/2022\/11\/IMG_20190701_095701_081-1024x1024.jpg\" alt=\"\" class=\"wp-image-258\" srcset=\"https:\/\/angelalena.com\/wp-content\/uploads\/2022\/11\/IMG_20190701_095701_081-1024x1024.jpg 1024w, https:\/\/angelalena.com\/wp-content\/uploads\/2022\/11\/IMG_20190701_095701_081-300x300.jpg 300w, https:\/\/angelalena.com\/wp-content\/uploads\/2022\/11\/IMG_20190701_095701_081-150x150.jpg 150w, https:\/\/angelalena.com\/wp-content\/uploads\/2022\/11\/IMG_20190701_095701_081-768x768.jpg 768w, https:\/\/angelalena.com\/wp-content\/uploads\/2022\/11\/IMG_20190701_095701_081-1536x1536.jpg 1536w, https:\/\/angelalena.com\/wp-content\/uploads\/2022\/11\/IMG_20190701_095701_081-2048x2048.jpg 2048w, https:\/\/angelalena.com\/wp-content\/uploads\/2022\/11\/IMG_20190701_095701_081-720x720.jpg 720w, https:\/\/angelalena.com\/wp-content\/uploads\/2022\/11\/IMG_20190701_095701_081-820x820.jpg 820w\" sizes=\"auto, (max-width: 1024px) 100vw, 1024px\" \/><\/figure>\n\n\n\n<figure class=\"wp-block-image size-large\"><img loading=\"lazy\" decoding=\"async\" width=\"1024\" height=\"1024\" data-id=\"227\" src=\"http:\/\/angelalena.com\/wp-content\/uploads\/2022\/11\/IMG_20190304_092353_242-1024x1024.jpg\" alt=\"\" class=\"wp-image-227\" srcset=\"https:\/\/angelalena.com\/wp-content\/uploads\/2022\/11\/IMG_20190304_092353_242-1024x1024.jpg 1024w, https:\/\/angelalena.com\/wp-content\/uploads\/2022\/11\/IMG_20190304_092353_242-300x300.jpg 300w, https:\/\/angelalena.com\/wp-content\/uploads\/2022\/11\/IMG_20190304_092353_242-150x150.jpg 150w, https:\/\/angelalena.com\/wp-content\/uploads\/2022\/11\/IMG_20190304_092353_242-768x768.jpg 768w, https:\/\/angelalena.com\/wp-content\/uploads\/2022\/11\/IMG_20190304_092353_242-1536x1536.jpg 1536w, https:\/\/angelalena.com\/wp-content\/uploads\/2022\/11\/IMG_20190304_092353_242.jpg 2048w, https:\/\/angelalena.com\/wp-content\/uploads\/2022\/11\/IMG_20190304_092353_242-720x720.jpg 720w, https:\/\/angelalena.com\/wp-content\/uploads\/2022\/11\/IMG_20190304_092353_242-820x820.jpg 820w\" sizes=\"auto, (max-width: 1024px) 100vw, 1024px\" \/><figcaption class=\"wp-element-caption\">Saris de seda con preciosos estampados. Sari Collection<\/figcaption><\/figure>\n<\/figure>\n\n\n\n<p><\/p>\n\n\n\n<p><\/p>\n\n\n\n<p><\/p>\n\n\n\n<p><\/p>\n\n\n\n<p><\/p>\n\n\n\n<p><\/p>\n","protected":false},"excerpt":{"rendered":"<p>Cat\u00e1logos de moda Cat\u00e1logo: nueva colecci\u00f3n para marca de ropa Tr\u00edpode 2019 https:\/\/mariomontesmodas.com\/tienda\/mujer\/tripode\/ Cat\u00e1logo nueva colecci\u00f3n Dhedishop<\/p>\n","protected":false},"author":2,"featured_media":0,"parent":0,"menu_order":0,"comment_status":"closed","ping_status":"closed","template":"","meta":{"footnotes":""},"class_list":["post-91","page","type-page","status-publish","hentry"],"_links":{"self":[{"href":"https:\/\/angelalena.com\/index.php\/wp-json\/wp\/v2\/pages\/91","targetHints":{"allow":["GET"]}}],"collection":[{"href":"https:\/\/angelalena.com\/index.php\/wp-json\/wp\/v2\/pages"}],"about":[{"href":"https:\/\/angelalena.com\/index.php\/wp-json\/wp\/v2\/types\/page"}],"author":[{"embeddable":true,"href":"https:\/\/angelalena.com\/index.php\/wp-json\/wp\/v2\/users\/2"}],"replies":[{"embeddable":true,"href":"https:\/\/angelalena.com\/index.php\/wp-json\/wp\/v2\/comments?post=91"}],"version-history":[{"count":7,"href":"https:\/\/angelalena.com\/index.php\/wp-json\/wp\/v2\/pages\/91\/revisions"}],"predecessor-version":[{"id":779,"href":"https:\/\/angelalena.com\/index.php\/wp-json\/wp\/v2\/pages\/91\/revisions\/779"}],"wp:attachment":[{"href":"https:\/\/angelalena.com\/index.php\/wp-json\/wp\/v2\/media?parent=91"}],"curies":[{"name":"wp","href":"https:\/\/api.w.org\/{rel}","templated":true}]}}